{"id":1221,"date":"2025-04-21T12:06:20","date_gmt":"2025-04-21T12:06:20","guid":{"rendered":"https:\/\/global-agrifood.dz\/?page_id=1221"},"modified":"2025-04-21T12:10:09","modified_gmt":"2025-04-21T12:10:09","slug":"our-services","status":"publish","type":"page","link":"https:\/\/global-agrifood.dz\/en\/our-services\/","title":{"rendered":"Our services"},"content":{"rendered":"<div class=\"vce-row-container\"><div class=\"vce-row vce-element--xl--has-background vce-element--lg--has-background vce-element--md--has-background vce-element--sm--has-background vce-element--xs--has-background vce-row--col-gap-30 vce-row-equal-height vce-row-content--middle\" data-vce-full-width=\"true\" id=\"el-66a84e72\" data-vce-do-apply=\"all el-66a84e72\"><div class=\"vce-content-background-container\"><div class=\"vce-asset-background-simple-container vce-visible-xl-only vce-asset-background-simple--style-cover vce-asset-background-simple--position-center-center\"><div class=\"vce-asset-background-simple\">\n              <div class=\"vce-asset-background-simple-item vcv-lozad\" data-background-image=\"https:\/\/global-agrifood.dz\/wp-content\/uploads\/2024\/11\/pexels-tomfisk-1595107-scaled.jpg\"><\/div>\n              <noscript>\n                <div class=\"vce-asset-background-simple-item\" style=\"background-image: url(https:\/\/global-agrifood.dz\/wp-content\/uploads\/2024\/11\/pexels-tomfisk-1595107-scaled.jpg)\"><\/div>\n              <\/noscript>\n            <\/div><\/div><div class=\"vce-asset-background-simple-container vce-visible-lg-only vce-asset-background-simple--style-cover vce-asset-background-simple--position-center-center\"><div class=\"vce-asset-background-simple\">\n              <div class=\"vce-asset-background-simple-item vcv-lozad\" data-background-image=\"https:\/\/global-agrifood.dz\/wp-content\/uploads\/2024\/11\/pexels-tomfisk-1595107-scaled.jpg\"><\/div>\n              <noscript>\n                <div class=\"vce-asset-background-simple-item\" style=\"background-image: url(https:\/\/global-agrifood.dz\/wp-content\/uploads\/2024\/11\/pexels-tomfisk-1595107-scaled.jpg)\"><\/div>\n              <\/noscript>\n            <\/div><\/div><div class=\"vce-asset-background-simple-container vce-visible-md-only vce-asset-background-simple--style-cover vce-asset-background-simple--position-center-center\"><div class=\"vce-asset-background-simple\">\n              <div class=\"vce-asset-background-simple-item vcv-lozad\" data-background-image=\"https:\/\/global-agrifood.dz\/wp-content\/uploads\/2024\/11\/pexels-tomfisk-1595107-scaled.jpg\"><\/div>\n              <noscript>\n                <div class=\"vce-asset-background-simple-item\" style=\"background-image: url(https:\/\/global-agrifood.dz\/wp-content\/uploads\/2024\/11\/pexels-tomfisk-1595107-scaled.jpg)\"><\/div>\n              <\/noscript>\n            <\/div><\/div><div class=\"vce-asset-background-simple-container vce-visible-sm-only vce-asset-background-simple--style-cover vce-asset-background-simple--position-center-center\"><div class=\"vce-asset-background-simple\">\n              <div class=\"vce-asset-background-simple-item vcv-lozad\" data-background-image=\"https:\/\/global-agrifood.dz\/wp-content\/uploads\/2024\/11\/pexels-tomfisk-1595107-scaled.jpg\"><\/div>\n              <noscript>\n                <div class=\"vce-asset-background-simple-item\" style=\"background-image: url(https:\/\/global-agrifood.dz\/wp-content\/uploads\/2024\/11\/pexels-tomfisk-1595107-scaled.jpg)\"><\/div>\n              <\/noscript>\n            <\/div><\/div><div class=\"vce-asset-background-simple-container vce-visible-xs-only vce-asset-background-simple--style-cover vce-asset-background-simple--position-center-center\"><div class=\"vce-asset-background-simple\">\n              <div class=\"vce-asset-background-simple-item vcv-lozad\" data-background-image=\"https:\/\/global-agrifood.dz\/wp-content\/uploads\/2024\/11\/pexels-tomfisk-1595107-scaled.jpg\"><\/div>\n              <noscript>\n                <div class=\"vce-asset-background-simple-item\" style=\"background-image: url(https:\/\/global-agrifood.dz\/wp-content\/uploads\/2024\/11\/pexels-tomfisk-1595107-scaled.jpg)\"><\/div>\n              <\/noscript>\n            <\/div><\/div><\/div><div class=\"vce-dividers-wrapper\"><div class=\"vce-container-divider vce-divider-position--bottom vce-container-divider-new vce-visible-all-only\" data-vce-do-apply=\"divider el-66a84e72\"><div class=\"vce-container-divider-inner\"><svg class=\"vce-divider-svg\" viewBox=\"0 0 500 97\" width=\"100%\" preserveAspectRatio=\"none\"><g fill=\"rgb(255, 255, 255)\"><path d=\"M370.005859,7 C421.782298,7 471.582031,23.9140625 500,54.4804687 L500,97 L0,97 L0,86.7851562 C135.587891,97.4101563 223.564453,7.000000000000028 370.005859,7 Z\" opacity=\"0.5\"><\/path><path d=\"M370.005859,15 C421.782298,15 471.582031,27.9140625 500,58.4804687 L500,97 L0,97 L0,90.7851562 C135.587891,101.4101562 223.564453,15 370.005859,15 Z\" opacity=\"0.5\"><\/path><path d=\"M370.005859,22 C421.782298,22 471.582031,31.9140625 500,62.4804687 L500,97 L0,97 L0,94.7851562 C135.587891,105.4101562 223.564453,22 370.005859,22 Z\"><\/path><\/g><\/svg><\/div><\/div><\/div><div class=\"vce-row-content\" data-vce-element-content=\"true\"><div class=\"vce-col vce-col--xs-100p vce-col--xs-visible vce-col--xs-last vce-col--xs-first vce-col--sm-100p vce-col--sm-visible vce-col--sm-last vce-col--sm-first vce-col--md-50p vce-col--md-visible vce-col--md-first vce-col--lg-60p vce-col--lg-visible vce-col--lg-first vce-col--xl-70p vce-col--xl-visible vce-col--xl-first\" id=\"el-19064a08\"><div class=\"vce-col-inner\" data-vce-do-apply=\"border margin background  el-19064a08\"><div class=\"vce-col-content\" data-vce-element-content=\"true\" data-vce-do-apply=\"padding el-19064a08\"><div class=\"vcv-row-control-wrapper\"><\/div><\/div><\/div><\/div><div class=\"vce-col vce-col--xs-100p vce-col--xs-visible vce-col--xs-last vce-col--xs-first vce-col--sm-100p vce-col--sm-visible vce-col--sm-last vce-col--sm-first vce-col--md-50p vce-col--md-visible vce-col--md-last vce-col--lg-30p vce-col--lg-visible vce-col--lg-last vce-col--xl-30p vce-col--xl-visible vce-col--xl-last\" id=\"el-ee13bc50\"><div class=\"vce-col-inner\" data-vce-do-apply=\"border margin background  el-ee13bc50\"><div class=\"vce-col-content\" data-vce-element-content=\"true\" data-vce-do-apply=\"padding el-ee13bc50\"><div class=\"vce-layouts-post-title-container title_post vce-layouts-post-title-container--align-left\"><div class=\"vce-layouts-post-title vce\" id=\"el-a881d55b\" data-vce-do-apply=\"all el-a881d55b\"><h1>Our services<\/h1><\/div><\/div><\/div><\/div><\/div><\/div><\/div><\/div><div class=\"vce-row-container\" data-vce-boxed-width=\"true\"><div class=\"vce-row vce-row--has-col-background vce-row--col-gap-30 vce-row-equal-height vce-row-content--top\" id=\"el-238525b2\" data-vce-do-apply=\"all el-238525b2\"><div class=\"vce-content-background-container\"><\/div><div class=\"vce-row-content\" data-vce-element-content=\"true\"><div class=\"vce-col vce-element--xl--has-background vce-element--lg--has-background vce-element--md--has-background vce-element--sm--has-background vce-element--xs--has-background vce-col--xs-100p vce-col--xs-visible vce-col--xs-last vce-col--xs-first vce-col--sm-100p vce-col--sm-visible vce-col--sm-last vce-col--sm-first vce-col--md-50p vce-col--md-visible vce-col--md-first vce-col--lg-auto vce-col--lg-visible vce-col--lg-first vce-col--xl-auto vce-col--xl-visible vce-col--xl-first\" id=\"el-f9dacc51\"><div class=\"vce-col-inner\" data-vce-do-apply=\"border margin background  el-f9dacc51\"><div class=\"vce-content-background-container\"><div class=\"vce-asset-background-simple-container vce-visible-xl-only vce-asset-background-simple--style-cover vce-asset-background-simple--position-center-top\"><div class=\"vce-asset-background-simple\">\n              <div class=\"vce-asset-background-simple-item vcv-lozad\" data-background-image=\"https:\/\/global-agrifood.dz\/wp-content\/uploads\/2024\/11\/project-bottom-image.webp\"><\/div>\n              <noscript>\n                <div class=\"vce-asset-background-simple-item\" style=\"background-image: url(https:\/\/global-agrifood.dz\/wp-content\/uploads\/2024\/11\/project-bottom-image.webp)\"><\/div>\n              <\/noscript>\n            <\/div><\/div><div class=\"vce-asset-background-simple-container vce-visible-lg-only vce-asset-background-simple--style-cover vce-asset-background-simple--position-center-top\"><div class=\"vce-asset-background-simple\">\n              <div class=\"vce-asset-background-simple-item vcv-lozad\" data-background-image=\"https:\/\/global-agrifood.dz\/wp-content\/uploads\/2024\/11\/project-bottom-image.webp\"><\/div>\n              <noscript>\n                <div class=\"vce-asset-background-simple-item\" style=\"background-image: url(https:\/\/global-agrifood.dz\/wp-content\/uploads\/2024\/11\/project-bottom-image.webp)\"><\/div>\n              <\/noscript>\n            <\/div><\/div><div class=\"vce-asset-background-simple-container vce-visible-md-only vce-asset-background-simple--style-cover vce-asset-background-simple--position-center-top\"><div class=\"vce-asset-background-simple\">\n              <div class=\"vce-asset-background-simple-item vcv-lozad\" data-background-image=\"https:\/\/global-agrifood.dz\/wp-content\/uploads\/2024\/11\/project-bottom-image.webp\"><\/div>\n              <noscript>\n                <div class=\"vce-asset-background-simple-item\" style=\"background-image: url(https:\/\/global-agrifood.dz\/wp-content\/uploads\/2024\/11\/project-bottom-image.webp)\"><\/div>\n              <\/noscript>\n            <\/div><\/div><div class=\"vce-asset-background-simple-container vce-visible-sm-only vce-asset-background-simple--style-cover vce-asset-background-simple--position-center-top\"><div class=\"vce-asset-background-simple\">\n              <div class=\"vce-asset-background-simple-item vcv-lozad\" data-background-image=\"https:\/\/global-agrifood.dz\/wp-content\/uploads\/2024\/11\/project-bottom-image.webp\"><\/div>\n              <noscript>\n                <div class=\"vce-asset-background-simple-item\" style=\"background-image: url(https:\/\/global-agrifood.dz\/wp-content\/uploads\/2024\/11\/project-bottom-image.webp)\"><\/div>\n              <\/noscript>\n            <\/div><\/div><div class=\"vce-asset-background-simple-container vce-visible-xs-only vce-asset-background-simple--style-cover vce-asset-background-simple--position-center-top\"><div class=\"vce-asset-background-simple\">\n              <div class=\"vce-asset-background-simple-item vcv-lozad\" data-background-image=\"https:\/\/global-agrifood.dz\/wp-content\/uploads\/2024\/11\/project-bottom-image.webp\"><\/div>\n              <noscript>\n                <div class=\"vce-asset-background-simple-item\" style=\"background-image: url(https:\/\/global-agrifood.dz\/wp-content\/uploads\/2024\/11\/project-bottom-image.webp)\"><\/div>\n              <\/noscript>\n            <\/div><\/div><\/div><div class=\"vce-col-content\" data-vce-element-content=\"true\" data-vce-do-apply=\"padding el-f9dacc51\"><div class=\"vce-single-image-container icone vce-single-image--align-left\"><div class=\"vce vce-single-image-wrapper\" id=\"el-3d31b45f\" data-vce-do-apply=\"all el-3d31b45f\"><figure><div class=\"vce-single-image-figure-inner\" style=\"width: 100px;\"><div class=\"vce-single-image-inner vce-single-image--absolute\" style=\"width: 100%; padding-bottom: 100%;\"><img loading=\"lazy\" decoding=\"async\" class=\"vce-single-image\"  width=\"100\" height=\"100\" srcset=\"https:\/\/global-agrifood.dz\/wp-content\/uploads\/2025\/04\/icons8-tracteur-100-100x100.png 100w\" src=\"https:\/\/global-agrifood.dz\/wp-content\/uploads\/2025\/04\/icons8-tracteur-100-100x100.png\" data-img-src=\"https:\/\/global-agrifood.dz\/wp-content\/uploads\/2024\/11\/icons8-tracteur-100.png\" data-attachment-id=\"173\"  alt=\"\" title=\"icons8-tracteur-100\" \/><\/div><\/div><figcaption hidden=\"\"><\/figcaption><\/figure><\/div><\/div><div class=\"vce-raw-html\"><div class=\"vce-raw-html-wrapper\" id=\"el-9dde4c4d\" data-vce-do-apply=\"all el-9dde4c4d\"><div id=\"comp_agri\" style=\"margin:0px; padding:0px;\"><\/div><\/div><\/div><div class=\"vce-google-fonts-heading vce-google-fonts-heading--align-left vce-google-fonts-heading--color-empty--45--5C00FF--FF7200 vce-google-fonts-heading--font-family-Montserrat\"><div id=\"el-0fa019fc\" class=\"vce-google-fonts-heading-wrapper\"><div class=\"vce-google-fonts-heading--background vce\" data-vce-do-apply=\"border background  padding margin el-0fa019fc\"><h2 class=\"vce-google-fonts-heading-inner\" style=\"font-size: 22px; font-weight: 500; font-style: normal;\">Counter Agricultural<\/h2><\/div><\/div><\/div><div class=\"vce vce-separator-container vce-separator--align-left vce-separator--style-solid\" id=\"el-b42f1486\" data-vce-do-apply=\"margin el-b42f1486\"><div class=\"vce-separator vce-separator--color-b-150-192-56 vce-separator--width-35 vce-separator--thickness-2\" data-vce-do-apply=\"border padding background  el-b42f1486\"><\/div><\/div><div class=\"vce-text-block\"><div class=\"vce-text-block-wrapper vce\" id=\"el-3b61a8c2\" data-vce-do-apply=\"all el-3b61a8c2\"><ul><li>Plant nutrition (fertilizers)<\/li><li>Seeds<\/li><li>Phytosanitary treatments<\/li><li>Agricultural machinery<\/li><li>Agricultural equipment<\/li><\/ul><\/div><\/div><\/div><\/div><\/div><div class=\"vce-col vce-element--xl--has-background vce-element--lg--has-background vce-element--md--has-background vce-element--sm--has-background vce-element--xs--has-background vce-col--xs-100p vce-col--xs-visible vce-col--xs-last vce-col--xs-first vce-col--sm-100p vce-col--sm-visible vce-col--sm-last vce-col--sm-first vce-col--md-50p vce-col--md-visible vce-col--md-last vce-col--lg-auto vce-col--lg-visible vce-col--xl-auto vce-col--xl-visible\" id=\"el-67999a87\"><div class=\"vce-col-inner\" data-vce-do-apply=\"border margin background  el-67999a87\"><div class=\"vce-content-background-container\"><div class=\"vce-asset-background-simple-container vce-visible-xl-only vce-asset-background-simple--style-cover vce-asset-background-simple--position-center-top\"><div class=\"vce-asset-background-simple\">\n              <div class=\"vce-asset-background-simple-item vcv-lozad\" data-background-image=\"https:\/\/global-agrifood.dz\/wp-content\/uploads\/2024\/11\/project-bottom-image.webp\"><\/div>\n              <noscript>\n                <div class=\"vce-asset-background-simple-item\" style=\"background-image: url(https:\/\/global-agrifood.dz\/wp-content\/uploads\/2024\/11\/project-bottom-image.webp)\"><\/div>\n              <\/noscript>\n            <\/div><\/div><div class=\"vce-asset-background-simple-container vce-visible-lg-only vce-asset-background-simple--style-cover vce-asset-background-simple--position-center-top\"><div class=\"vce-asset-background-simple\">\n              <div class=\"vce-asset-background-simple-item vcv-lozad\" data-background-image=\"https:\/\/global-agrifood.dz\/wp-content\/uploads\/2024\/11\/project-bottom-image.webp\"><\/div>\n              <noscript>\n                <div class=\"vce-asset-background-simple-item\" style=\"background-image: url(https:\/\/global-agrifood.dz\/wp-content\/uploads\/2024\/11\/project-bottom-image.webp)\"><\/div>\n              <\/noscript>\n            <\/div><\/div><div class=\"vce-asset-background-simple-container vce-visible-md-only vce-asset-background-simple--style-cover vce-asset-background-simple--position-center-top\"><div class=\"vce-asset-background-simple\">\n              <div class=\"vce-asset-background-simple-item vcv-lozad\" data-background-image=\"https:\/\/global-agrifood.dz\/wp-content\/uploads\/2024\/11\/project-bottom-image.webp\"><\/div>\n              <noscript>\n                <div class=\"vce-asset-background-simple-item\" style=\"background-image: url(https:\/\/global-agrifood.dz\/wp-content\/uploads\/2024\/11\/project-bottom-image.webp)\"><\/div>\n              <\/noscript>\n            <\/div><\/div><div class=\"vce-asset-background-simple-container vce-visible-sm-only vce-asset-background-simple--style-cover vce-asset-background-simple--position-center-top\"><div class=\"vce-asset-background-simple\">\n              <div class=\"vce-asset-background-simple-item vcv-lozad\" data-background-image=\"https:\/\/global-agrifood.dz\/wp-content\/uploads\/2024\/11\/project-bottom-image.webp\"><\/div>\n              <noscript>\n                <div class=\"vce-asset-background-simple-item\" style=\"background-image: url(https:\/\/global-agrifood.dz\/wp-content\/uploads\/2024\/11\/project-bottom-image.webp)\"><\/div>\n              <\/noscript>\n            <\/div><\/div><div class=\"vce-asset-background-simple-container vce-visible-xs-only vce-asset-background-simple--style-cover vce-asset-background-simple--position-center-top\"><div class=\"vce-asset-background-simple\">\n              <div class=\"vce-asset-background-simple-item vcv-lozad\" data-background-image=\"https:\/\/global-agrifood.dz\/wp-content\/uploads\/2024\/11\/project-bottom-image.webp\"><\/div>\n              <noscript>\n                <div class=\"vce-asset-background-simple-item\" style=\"background-image: url(https:\/\/global-agrifood.dz\/wp-content\/uploads\/2024\/11\/project-bottom-image.webp)\"><\/div>\n              <\/noscript>\n            <\/div><\/div><\/div><div class=\"vce-col-content\" data-vce-element-content=\"true\" data-vce-do-apply=\"padding el-67999a87\"><div class=\"vce-single-image-container icone vce-single-image--align-left\"><div class=\"vce vce-single-image-wrapper\" id=\"el-68b313b4\" data-vce-do-apply=\"all el-68b313b4\"><figure><div class=\"vce-single-image-figure-inner\" style=\"width: 100px;\"><div class=\"vce-single-image-inner vce-single-image--absolute\" style=\"width: 100%; padding-bottom: 100%;\"><img loading=\"lazy\" decoding=\"async\" class=\"vce-single-image\"  width=\"100\" height=\"100\" srcset=\"https:\/\/global-agrifood.dz\/wp-content\/uploads\/2025\/04\/icons8-vache-100-100x100.png 100w\" src=\"https:\/\/global-agrifood.dz\/wp-content\/uploads\/2025\/04\/icons8-vache-100-100x100.png\" data-img-src=\"https:\/\/global-agrifood.dz\/wp-content\/uploads\/2024\/11\/icons8-vache-100.png\" data-attachment-id=\"172\"  alt=\"\" title=\"icons8-vache-100\" \/><\/div><\/div><figcaption hidden=\"\"><\/figcaption><\/figure><\/div><\/div><div class=\"vce-raw-html\"><div class=\"vce-raw-html-wrapper\" id=\"el-545a1c5a\" data-vce-do-apply=\"all el-545a1c5a\"><div id=\"prod_animal\" style=\"margin:0px; padding:0px;\"><\/div><\/div><\/div><div class=\"vce-google-fonts-heading vce-google-fonts-heading--align-left vce-google-fonts-heading--color-empty--45--5C00FF--FF7200 vce-google-fonts-heading--font-family-Montserrat\"><div id=\"el-b025c453\" class=\"vce-google-fonts-heading-wrapper\"><div class=\"vce-google-fonts-heading--background vce\" data-vce-do-apply=\"border background  padding margin el-b025c453\"><h2 class=\"vce-google-fonts-heading-inner\" style=\"font-size: 22px; font-weight: 500; font-style: normal;\">Animal Production<\/h2><\/div><\/div><\/div><div class=\"vce vce-separator-container vce-separator--align-left vce-separator--style-solid\" id=\"el-96d6e785\" data-vce-do-apply=\"margin el-96d6e785\"><div class=\"vce-separator vce-separator--color-b-150-192-56 vce-separator--width-35 vce-separator--thickness-2\" data-vce-do-apply=\"border padding background  el-96d6e785\"><\/div><\/div><div class=\"vce-text-block\"><div class=\"vce-text-block-wrapper vce\" id=\"el-46a2bbed\" data-vce-do-apply=\"all el-46a2bbed\"><ul><li>&nbsp;Elevage bovin<\/li><li>Elevage ovin<\/li><li>Aviculture<\/li><li>Aquaculture<\/li><li>Apiculture<\/li><\/ul><\/div><\/div><\/div><\/div><\/div><div class=\"vce-col vce-element--has-background vce-col--xs-100p vce-col--xs-visible vce-col--xs-last vce-col--xs-first vce-col--sm-100p vce-col--sm-visible vce-col--sm-last vce-col--sm-first vce-col--md-50p vce-col--md-visible vce-col--md-last vce-col--md-first vce-col--lg-auto vce-col--lg-visible vce-col--lg-last vce-col--xl-auto vce-col--xl-visible vce-col--xl-last\" id=\"el-c2249337\"><div class=\"vce-col-inner\" data-vce-do-apply=\"border margin background  el-c2249337\"><div class=\"vce-content-background-container\"><div class=\"vce-asset-background-simple-container vce-visible-all-only vce-asset-background-simple--style-cover vce-asset-background-simple--position-center-top\"><div class=\"vce-asset-background-simple\">\n              <div class=\"vce-asset-background-simple-item vcv-lozad\" data-background-image=\"https:\/\/global-agrifood.dz\/wp-content\/uploads\/2024\/11\/project-bottom-image.webp\"><\/div>\n              <noscript>\n                <div class=\"vce-asset-background-simple-item\" style=\"background-image: url(https:\/\/global-agrifood.dz\/wp-content\/uploads\/2024\/11\/project-bottom-image.webp)\"><\/div>\n              <\/noscript>\n            <\/div><\/div><\/div><div class=\"vce-col-content\" data-vce-element-content=\"true\" data-vce-do-apply=\"padding el-c2249337\"><div class=\"vce-single-image-container icone vce-single-image--align-left\"><div class=\"vce vce-single-image-wrapper\" id=\"el-38299706\" data-vce-do-apply=\"all el-38299706\"><figure><div class=\"vce-single-image-figure-inner\" style=\"width: 100px;\"><div class=\"vce-single-image-inner vce-single-image--absolute\" style=\"width: 100%; padding-bottom: 100%;\"><img loading=\"lazy\" decoding=\"async\" class=\"vce-single-image\"  width=\"100\" height=\"100\" srcset=\"https:\/\/global-agrifood.dz\/wp-content\/uploads\/2025\/04\/icons8-alimentation-vegan-100-100x100.png 100w\" src=\"https:\/\/global-agrifood.dz\/wp-content\/uploads\/2025\/04\/icons8-alimentation-vegan-100-100x100.png\" data-img-src=\"https:\/\/global-agrifood.dz\/wp-content\/uploads\/2024\/11\/icons8-alimentation-vegan-100.png\" data-attachment-id=\"168\"  alt=\"\" title=\"icons8-alimentation-vegan-100\" \/><\/div><\/div><figcaption hidden=\"\"><\/figcaption><\/figure><\/div><\/div><div class=\"vce-raw-html\"><div class=\"vce-raw-html-wrapper\" id=\"el-a1c09e58\" data-vce-do-apply=\"all el-a1c09e58\"><div id=\"prod_veg\" style=\"margin:0px; padding:0px;\"><\/div><\/div><\/div><div class=\"vce-google-fonts-heading vce-google-fonts-heading--align-left vce-google-fonts-heading--color-empty--45--5C00FF--FF7200 vce-google-fonts-heading--font-family-Montserrat\"><div id=\"el-f14371d5\" class=\"vce-google-fonts-heading-wrapper\"><div class=\"vce-google-fonts-heading--background vce\" data-vce-do-apply=\"border background  padding margin el-f14371d5\"><h2 class=\"vce-google-fonts-heading-inner\" style=\"font-size: 22px; font-weight: 500; font-style: normal;\">Animal Production<\/h2><\/div><\/div><\/div><div class=\"vce vce-separator-container vce-separator--align-left vce-separator--style-solid\" id=\"el-60f34643\" data-vce-do-apply=\"margin el-60f34643\"><div class=\"vce-separator vce-separator--color-b-150-192-56 vce-separator--width-35 vce-separator--thickness-2\" data-vce-do-apply=\"border padding background  el-60f34643\"><\/div><\/div><div class=\"vce-text-block\"><div class=\"vce-text-block-wrapper vce\" id=\"el-c2ac16b8\" data-vce-do-apply=\"all el-c2ac16b8\"><ul><li><span style=\"font-family: Montserrat;\">C\u00e9r\u00e9aliculture<\/span><\/li><li><span style=\"font-family: Montserrat;\">Arboriculture fruiti\u00e8re<\/span><\/li><li><span style=\"font-family: Montserrat;\">Production de fourrage<\/span><\/li><li><span style=\"font-family: Montserrat;\">Cultures mara\u00eech\u00e8res<\/span><\/li><li><span style=\"font-family: Montserrat;\">Cultures industrielle<\/span><\/li><\/ul><\/div><\/div><\/div><\/div><\/div><\/div><\/div><\/div>","protected":false},"excerpt":{"rendered":"<p>Counter AgriculturalPlant nutrition (fertilizers)SeedsPhytosanitary treatmentsAgricultural machineryAgricultural equipment Animal Production&nbsp;Elevage bovinElevage ovinAvicultureAquacultureApiculture Animal ProductionC\u00e9r\u00e9alicultureArboriculture fruiti\u00e8reProduction de fourrageCultures mara\u00eech\u00e8resCultures industrielle<\/p>\n","protected":false},"author":2,"featured_media":0,"parent":0,"menu_order":0,"comment_status":"closed","ping_status":"closed","template":"","meta":{"footnotes":""},"class_list":["post-1221","page","type-page","status-publish","hentry"],"_links":{"self":[{"href":"https:\/\/global-agrifood.dz\/en\/wp-json\/wp\/v2\/pages\/1221","targetHints":{"allow":["GET"]}}],"collection":[{"href":"https:\/\/global-agrifood.dz\/en\/wp-json\/wp\/v2\/pages"}],"about":[{"href":"https:\/\/global-agrifood.dz\/en\/wp-json\/wp\/v2\/types\/page"}],"author":[{"embeddable":true,"href":"https:\/\/global-agrifood.dz\/en\/wp-json\/wp\/v2\/users\/2"}],"replies":[{"embeddable":true,"href":"https:\/\/global-agrifood.dz\/en\/wp-json\/wp\/v2\/comments?post=1221"}],"version-history":[{"count":4,"href":"https:\/\/global-agrifood.dz\/en\/wp-json\/wp\/v2\/pages\/1221\/revisions"}],"predecessor-version":[{"id":1234,"href":"https:\/\/global-agrifood.dz\/en\/wp-json\/wp\/v2\/pages\/1221\/revisions\/1234"}],"wp:attachment":[{"href":"https:\/\/global-agrifood.dz\/en\/wp-json\/wp\/v2\/media?parent=1221"}],"curies":[{"name":"wp","href":"https:\/\/api.w.org\/{rel}","templated":true}]}}