{"id":21,"date":"2024-11-19T10:15:04","date_gmt":"2024-11-19T10:15:04","guid":{"rendered":"https:\/\/global-agrifood.dz\/?page_id=21"},"modified":"2025-04-21T12:11:22","modified_gmt":"2025-04-21T12:11:22","slug":"nos-services","status":"publish","type":"page","link":"https:\/\/global-agrifood.dz\/fr\/nos-services\/","title":{"rendered":"Nos services"},"content":{"rendered":"<div class=\"vce-row-container\"><div class=\"vce-row vce-element--xl--has-background vce-element--lg--has-background vce-element--md--has-background vce-element--sm--has-background vce-element--xs--has-background vce-row--col-gap-30 vce-row-equal-height vce-row-content--middle\" data-vce-full-width=\"true\" id=\"el-0934f950\" data-vce-do-apply=\"all el-0934f950\"><div class=\"vce-content-background-container\"><div class=\"vce-asset-background-simple-container vce-visible-xl-only vce-asset-background-simple--style-cover vce-asset-background-simple--position-center-center\"><div class=\"vce-asset-background-simple\">\n              <div class=\"vce-asset-background-simple-item vcv-lozad\" data-background-image=\"https:\/\/global-agrifood.dz\/wp-content\/uploads\/2024\/11\/pexels-tomfisk-1595107-scaled.jpg\"><\/div>\n              <noscript>\n                <div class=\"vce-asset-background-simple-item\" style=\"background-image: url(https:\/\/global-agrifood.dz\/wp-content\/uploads\/2024\/11\/pexels-tomfisk-1595107-scaled.jpg)\"><\/div>\n              <\/noscript>\n            <\/div><\/div><div class=\"vce-asset-background-simple-container vce-visible-lg-only vce-asset-background-simple--style-cover vce-asset-background-simple--position-center-center\"><div class=\"vce-asset-background-simple\">\n              <div class=\"vce-asset-background-simple-item vcv-lozad\" data-background-image=\"https:\/\/global-agrifood.dz\/wp-content\/uploads\/2024\/11\/pexels-tomfisk-1595107-scaled.jpg\"><\/div>\n              <noscript>\n                <div class=\"vce-asset-background-simple-item\" style=\"background-image: url(https:\/\/global-agrifood.dz\/wp-content\/uploads\/2024\/11\/pexels-tomfisk-1595107-scaled.jpg)\"><\/div>\n              <\/noscript>\n            <\/div><\/div><div class=\"vce-asset-background-simple-container vce-visible-md-only vce-asset-background-simple--style-cover vce-asset-background-simple--position-center-center\"><div class=\"vce-asset-background-simple\">\n              <div class=\"vce-asset-background-simple-item vcv-lozad\" data-background-image=\"https:\/\/global-agrifood.dz\/wp-content\/uploads\/2024\/11\/pexels-tomfisk-1595107-scaled.jpg\"><\/div>\n              <noscript>\n                <div class=\"vce-asset-background-simple-item\" style=\"background-image: url(https:\/\/global-agrifood.dz\/wp-content\/uploads\/2024\/11\/pexels-tomfisk-1595107-scaled.jpg)\"><\/div>\n              <\/noscript>\n            <\/div><\/div><div class=\"vce-asset-background-simple-container vce-visible-sm-only vce-asset-background-simple--style-cover vce-asset-background-simple--position-center-center\"><div class=\"vce-asset-background-simple\">\n              <div class=\"vce-asset-background-simple-item vcv-lozad\" data-background-image=\"https:\/\/global-agrifood.dz\/wp-content\/uploads\/2024\/11\/pexels-tomfisk-1595107-scaled.jpg\"><\/div>\n              <noscript>\n                <div class=\"vce-asset-background-simple-item\" style=\"background-image: url(https:\/\/global-agrifood.dz\/wp-content\/uploads\/2024\/11\/pexels-tomfisk-1595107-scaled.jpg)\"><\/div>\n              <\/noscript>\n            <\/div><\/div><div class=\"vce-asset-background-simple-container vce-visible-xs-only vce-asset-background-simple--style-cover vce-asset-background-simple--position-center-center\"><div class=\"vce-asset-background-simple\">\n              <div class=\"vce-asset-background-simple-item vcv-lozad\" data-background-image=\"https:\/\/global-agrifood.dz\/wp-content\/uploads\/2024\/11\/pexels-tomfisk-1595107-scaled.jpg\"><\/div>\n              <noscript>\n                <div class=\"vce-asset-background-simple-item\" style=\"background-image: url(https:\/\/global-agrifood.dz\/wp-content\/uploads\/2024\/11\/pexels-tomfisk-1595107-scaled.jpg)\"><\/div>\n              <\/noscript>\n            <\/div><\/div><\/div><div class=\"vce-dividers-wrapper\"><div class=\"vce-container-divider vce-divider-position--bottom vce-container-divider-new vce-visible-all-only\" data-vce-do-apply=\"divider el-0934f950\"><div class=\"vce-container-divider-inner\"><svg class=\"vce-divider-svg\" viewBox=\"0 0 500 97\" width=\"100%\" preserveAspectRatio=\"none\"><g fill=\"rgb(255, 255, 255)\"><path d=\"M370.005859,7 C421.782298,7 471.582031,23.9140625 500,54.4804687 L500,97 L0,97 L0,86.7851562 C135.587891,97.4101563 223.564453,7.000000000000028 370.005859,7 Z\" opacity=\"0.5\"><\/path><path d=\"M370.005859,15 C421.782298,15 471.582031,27.9140625 500,58.4804687 L500,97 L0,97 L0,90.7851562 C135.587891,101.4101562 223.564453,15 370.005859,15 Z\" opacity=\"0.5\"><\/path><path d=\"M370.005859,22 C421.782298,22 471.582031,31.9140625 500,62.4804687 L500,97 L0,97 L0,94.7851562 C135.587891,105.4101562 223.564453,22 370.005859,22 Z\"><\/path><\/g><\/svg><\/div><\/div><\/div><div class=\"vce-row-content\" data-vce-element-content=\"true\"><div class=\"vce-col vce-col--xs-100p vce-col--xs-visible vce-col--xs-last vce-col--xs-first vce-col--sm-100p vce-col--sm-visible vce-col--sm-last vce-col--sm-first vce-col--md-50p vce-col--md-visible vce-col--md-first vce-col--lg-60p vce-col--lg-visible vce-col--lg-first vce-col--xl-70p vce-col--xl-visible vce-col--xl-first\" id=\"el-3576ddaa\"><div class=\"vce-col-inner\" data-vce-do-apply=\"border margin background  el-3576ddaa\"><div class=\"vce-col-content\" data-vce-element-content=\"true\" data-vce-do-apply=\"padding el-3576ddaa\"><div class=\"vcv-row-control-wrapper\"><\/div><\/div><\/div><\/div><div class=\"vce-col vce-col--xs-100p vce-col--xs-visible vce-col--xs-last vce-col--xs-first vce-col--sm-100p vce-col--sm-visible vce-col--sm-last vce-col--sm-first vce-col--md-50p vce-col--md-visible vce-col--md-last vce-col--lg-30p vce-col--lg-visible vce-col--lg-last vce-col--xl-30p vce-col--xl-visible vce-col--xl-last\" id=\"el-27e34c62\"><div class=\"vce-col-inner\" data-vce-do-apply=\"border margin background  el-27e34c62\"><div class=\"vce-col-content\" data-vce-element-content=\"true\" data-vce-do-apply=\"padding el-27e34c62\"><div class=\"vce-layouts-post-title-container title_post vce-layouts-post-title-container--align-left\"><div class=\"vce-layouts-post-title vce\" id=\"el-882ff46a\" data-vce-do-apply=\"all el-882ff46a\"><h1>Nos services<\/h1><\/div><\/div><\/div><\/div><\/div><\/div><\/div><\/div><div class=\"vce-row-container\" data-vce-boxed-width=\"true\"><div class=\"vce-row vce-row--has-col-background vce-row--col-gap-30 vce-row-equal-height vce-row-content--top\" id=\"el-8b737611\" data-vce-do-apply=\"all el-8b737611\"><div class=\"vce-content-background-container\"><\/div><div class=\"vce-row-content\" data-vce-element-content=\"true\"><div class=\"vce-col vce-element--xl--has-background vce-element--lg--has-background vce-element--md--has-background vce-element--sm--has-background vce-element--xs--has-background vce-col--xs-100p vce-col--xs-visible vce-col--xs-last vce-col--xs-first vce-col--sm-100p vce-col--sm-visible vce-col--sm-last vce-col--sm-first vce-col--md-50p vce-col--md-visible vce-col--md-first vce-col--lg-auto vce-col--lg-visible vce-col--lg-first vce-col--xl-auto vce-col--xl-visible vce-col--xl-first\" id=\"el-bea03d6e\"><div class=\"vce-col-inner\" data-vce-do-apply=\"border margin background  el-bea03d6e\"><div class=\"vce-content-background-container\"><div class=\"vce-asset-background-simple-container vce-visible-xl-only vce-asset-background-simple--style-cover vce-asset-background-simple--position-center-top\"><div class=\"vce-asset-background-simple\">\n              <div class=\"vce-asset-background-simple-item vcv-lozad\" data-background-image=\"https:\/\/global-agrifood.dz\/wp-content\/uploads\/2024\/11\/project-bottom-image.webp\"><\/div>\n              <noscript>\n                <div class=\"vce-asset-background-simple-item\" style=\"background-image: url(https:\/\/global-agrifood.dz\/wp-content\/uploads\/2024\/11\/project-bottom-image.webp)\"><\/div>\n              <\/noscript>\n            <\/div><\/div><div class=\"vce-asset-background-simple-container vce-visible-lg-only vce-asset-background-simple--style-cover vce-asset-background-simple--position-center-top\"><div class=\"vce-asset-background-simple\">\n              <div class=\"vce-asset-background-simple-item vcv-lozad\" data-background-image=\"https:\/\/global-agrifood.dz\/wp-content\/uploads\/2024\/11\/project-bottom-image.webp\"><\/div>\n              <noscript>\n                <div class=\"vce-asset-background-simple-item\" style=\"background-image: url(https:\/\/global-agrifood.dz\/wp-content\/uploads\/2024\/11\/project-bottom-image.webp)\"><\/div>\n              <\/noscript>\n            <\/div><\/div><div class=\"vce-asset-background-simple-container vce-visible-md-only vce-asset-background-simple--style-cover vce-asset-background-simple--position-center-top\"><div class=\"vce-asset-background-simple\">\n              <div class=\"vce-asset-background-simple-item vcv-lozad\" data-background-image=\"https:\/\/global-agrifood.dz\/wp-content\/uploads\/2024\/11\/project-bottom-image.webp\"><\/div>\n              <noscript>\n                <div class=\"vce-asset-background-simple-item\" style=\"background-image: url(https:\/\/global-agrifood.dz\/wp-content\/uploads\/2024\/11\/project-bottom-image.webp)\"><\/div>\n              <\/noscript>\n            <\/div><\/div><div class=\"vce-asset-background-simple-container vce-visible-sm-only vce-asset-background-simple--style-cover vce-asset-background-simple--position-center-top\"><div class=\"vce-asset-background-simple\">\n              <div class=\"vce-asset-background-simple-item vcv-lozad\" data-background-image=\"https:\/\/global-agrifood.dz\/wp-content\/uploads\/2024\/11\/project-bottom-image.webp\"><\/div>\n              <noscript>\n                <div class=\"vce-asset-background-simple-item\" style=\"background-image: url(https:\/\/global-agrifood.dz\/wp-content\/uploads\/2024\/11\/project-bottom-image.webp)\"><\/div>\n              <\/noscript>\n            <\/div><\/div><div class=\"vce-asset-background-simple-container vce-visible-xs-only vce-asset-background-simple--style-cover vce-asset-background-simple--position-center-top\"><div class=\"vce-asset-background-simple\">\n              <div class=\"vce-asset-background-simple-item vcv-lozad\" data-background-image=\"https:\/\/global-agrifood.dz\/wp-content\/uploads\/2024\/11\/project-bottom-image.webp\"><\/div>\n              <noscript>\n                <div class=\"vce-asset-background-simple-item\" style=\"background-image: url(https:\/\/global-agrifood.dz\/wp-content\/uploads\/2024\/11\/project-bottom-image.webp)\"><\/div>\n              <\/noscript>\n            <\/div><\/div><\/div><div class=\"vce-col-content\" data-vce-element-content=\"true\" data-vce-do-apply=\"padding el-bea03d6e\"><div class=\"vce-single-image-container icone vce-single-image--align-left\"><div class=\"vce vce-single-image-wrapper\" id=\"el-8ee04115\" data-vce-do-apply=\"all el-8ee04115\"><figure><div class=\"vce-single-image-figure-inner\" style=\"width: 100px;\"><div class=\"vce-single-image-inner vce-single-image--absolute\" style=\"width: 100%; padding-bottom: 100%;\"><img loading=\"lazy\" decoding=\"async\" class=\"vce-single-image\"  width=\"100\" height=\"100\" srcset=\"https:\/\/global-agrifood.dz\/wp-content\/uploads\/2025\/04\/icons8-tracteur-100-100x100.png 100w\" src=\"https:\/\/global-agrifood.dz\/wp-content\/uploads\/2025\/04\/icons8-tracteur-100-100x100.png\" data-img-src=\"https:\/\/global-agrifood.dz\/wp-content\/uploads\/2024\/11\/icons8-tracteur-100.png\" data-attachment-id=\"173\"  alt=\"\" title=\"icons8-tracteur-100\" \/><\/div><\/div><figcaption hidden=\"\"><\/figcaption><\/figure><\/div><\/div><div class=\"vce-raw-html\"><div class=\"vce-raw-html-wrapper\" id=\"el-d44cb60f\" data-vce-do-apply=\"all el-d44cb60f\"><div id=\"comp_agri\" style=\"margin:0px; padding:0px;\"><\/div><\/div><\/div><div class=\"vce-google-fonts-heading vce-google-fonts-heading--align-left vce-google-fonts-heading--color-empty--45--5C00FF--FF7200 vce-google-fonts-heading--font-family-Montserrat\"><div id=\"el-bb96c47a\" class=\"vce-google-fonts-heading-wrapper\"><div class=\"vce-google-fonts-heading--background vce\" data-vce-do-apply=\"border background  padding margin el-bb96c47a\"><h2 class=\"vce-google-fonts-heading-inner\" style=\"font-size: 22px; font-weight: 500; font-style: normal;\">Comptoir Agricole<\/h2><\/div><\/div><\/div><div class=\"vce vce-separator-container vce-separator--align-left vce-separator--style-solid\" id=\"el-0aa95d67\" data-vce-do-apply=\"margin el-0aa95d67\"><div class=\"vce-separator vce-separator--color-b-150-192-56 vce-separator--width-35 vce-separator--thickness-2\" data-vce-do-apply=\"border padding background  el-0aa95d67\"><\/div><\/div><div class=\"vce-text-block\"><div class=\"vce-text-block-wrapper vce\" id=\"el-0cffe0d5\" data-vce-do-apply=\"all el-0cffe0d5\"><ul><li>Nutrition v\u00e9g\u00e9tale (engrais)<\/li><li>Semences<\/li><li>Traitements phytosanitaires<\/li><li>Mat\u00e9riels agricoles<\/li><li>Equipements agricoles<\/li><\/ul><\/div><\/div><\/div><\/div><\/div><div class=\"vce-col vce-element--xl--has-background vce-element--lg--has-background vce-element--md--has-background vce-element--sm--has-background vce-element--xs--has-background vce-col--xs-100p vce-col--xs-visible vce-col--xs-last vce-col--xs-first vce-col--sm-100p vce-col--sm-visible vce-col--sm-last vce-col--sm-first vce-col--md-50p vce-col--md-visible vce-col--md-last vce-col--lg-auto vce-col--lg-visible vce-col--xl-auto vce-col--xl-visible\" id=\"el-d20b1575\"><div class=\"vce-col-inner\" data-vce-do-apply=\"border margin background  el-d20b1575\"><div class=\"vce-content-background-container\"><div class=\"vce-asset-background-simple-container vce-visible-xl-only vce-asset-background-simple--style-cover vce-asset-background-simple--position-center-top\"><div class=\"vce-asset-background-simple\">\n              <div class=\"vce-asset-background-simple-item vcv-lozad\" data-background-image=\"https:\/\/global-agrifood.dz\/wp-content\/uploads\/2024\/11\/project-bottom-image.webp\"><\/div>\n              <noscript>\n                <div class=\"vce-asset-background-simple-item\" style=\"background-image: url(https:\/\/global-agrifood.dz\/wp-content\/uploads\/2024\/11\/project-bottom-image.webp)\"><\/div>\n              <\/noscript>\n            <\/div><\/div><div class=\"vce-asset-background-simple-container vce-visible-lg-only vce-asset-background-simple--style-cover vce-asset-background-simple--position-center-top\"><div class=\"vce-asset-background-simple\">\n              <div class=\"vce-asset-background-simple-item vcv-lozad\" data-background-image=\"https:\/\/global-agrifood.dz\/wp-content\/uploads\/2024\/11\/project-bottom-image.webp\"><\/div>\n              <noscript>\n                <div class=\"vce-asset-background-simple-item\" style=\"background-image: url(https:\/\/global-agrifood.dz\/wp-content\/uploads\/2024\/11\/project-bottom-image.webp)\"><\/div>\n              <\/noscript>\n            <\/div><\/div><div class=\"vce-asset-background-simple-container vce-visible-md-only vce-asset-background-simple--style-cover vce-asset-background-simple--position-center-top\"><div class=\"vce-asset-background-simple\">\n              <div class=\"vce-asset-background-simple-item vcv-lozad\" data-background-image=\"https:\/\/global-agrifood.dz\/wp-content\/uploads\/2024\/11\/project-bottom-image.webp\"><\/div>\n              <noscript>\n                <div class=\"vce-asset-background-simple-item\" style=\"background-image: url(https:\/\/global-agrifood.dz\/wp-content\/uploads\/2024\/11\/project-bottom-image.webp)\"><\/div>\n              <\/noscript>\n            <\/div><\/div><div class=\"vce-asset-background-simple-container vce-visible-sm-only vce-asset-background-simple--style-cover vce-asset-background-simple--position-center-top\"><div class=\"vce-asset-background-simple\">\n              <div class=\"vce-asset-background-simple-item vcv-lozad\" data-background-image=\"https:\/\/global-agrifood.dz\/wp-content\/uploads\/2024\/11\/project-bottom-image.webp\"><\/div>\n              <noscript>\n                <div class=\"vce-asset-background-simple-item\" style=\"background-image: url(https:\/\/global-agrifood.dz\/wp-content\/uploads\/2024\/11\/project-bottom-image.webp)\"><\/div>\n              <\/noscript>\n            <\/div><\/div><div class=\"vce-asset-background-simple-container vce-visible-xs-only vce-asset-background-simple--style-cover vce-asset-background-simple--position-center-top\"><div class=\"vce-asset-background-simple\">\n              <div class=\"vce-asset-background-simple-item vcv-lozad\" data-background-image=\"https:\/\/global-agrifood.dz\/wp-content\/uploads\/2024\/11\/project-bottom-image.webp\"><\/div>\n              <noscript>\n                <div class=\"vce-asset-background-simple-item\" style=\"background-image: url(https:\/\/global-agrifood.dz\/wp-content\/uploads\/2024\/11\/project-bottom-image.webp)\"><\/div>\n              <\/noscript>\n            <\/div><\/div><\/div><div class=\"vce-col-content\" data-vce-element-content=\"true\" data-vce-do-apply=\"padding el-d20b1575\"><div class=\"vce-single-image-container icone vce-single-image--align-left\"><div class=\"vce vce-single-image-wrapper\" id=\"el-c8a4ac3e\" data-vce-do-apply=\"all el-c8a4ac3e\"><figure><div class=\"vce-single-image-figure-inner\" style=\"width: 100px;\"><div class=\"vce-single-image-inner vce-single-image--absolute\" style=\"width: 100%; padding-bottom: 100%;\"><img loading=\"lazy\" decoding=\"async\" class=\"vce-single-image\"  width=\"100\" height=\"100\" srcset=\"https:\/\/global-agrifood.dz\/wp-content\/uploads\/2025\/04\/icons8-vache-100-100x100.png 100w\" src=\"https:\/\/global-agrifood.dz\/wp-content\/uploads\/2025\/04\/icons8-vache-100-100x100.png\" data-img-src=\"https:\/\/global-agrifood.dz\/wp-content\/uploads\/2024\/11\/icons8-vache-100.png\" data-attachment-id=\"172\"  alt=\"\" title=\"icons8-vache-100\" \/><\/div><\/div><figcaption hidden=\"\"><\/figcaption><\/figure><\/div><\/div><div class=\"vce-raw-html\"><div class=\"vce-raw-html-wrapper\" id=\"el-ff5d0f89\" data-vce-do-apply=\"all el-ff5d0f89\"><div id=\"prod_animal\" style=\"margin:0px; padding:0px;\"><\/div><\/div><\/div><div class=\"vce-google-fonts-heading vce-google-fonts-heading--align-left vce-google-fonts-heading--color-empty--45--5C00FF--FF7200 vce-google-fonts-heading--font-family-Montserrat\"><div id=\"el-2fef6ece\" class=\"vce-google-fonts-heading-wrapper\"><div class=\"vce-google-fonts-heading--background vce\" data-vce-do-apply=\"border background  padding margin el-2fef6ece\"><h2 class=\"vce-google-fonts-heading-inner\" style=\"font-size: 22px; font-weight: 500; font-style: normal;\">Productions Animales<\/h2><\/div><\/div><\/div><div class=\"vce vce-separator-container vce-separator--align-left vce-separator--style-solid\" id=\"el-ce197574\" data-vce-do-apply=\"margin el-ce197574\"><div class=\"vce-separator vce-separator--color-b-150-192-56 vce-separator--width-35 vce-separator--thickness-2\" data-vce-do-apply=\"border padding background  el-ce197574\"><\/div><\/div><div class=\"vce-text-block\"><div class=\"vce-text-block-wrapper vce\" id=\"el-ae6e5382\" data-vce-do-apply=\"all el-ae6e5382\"><ul><li>&nbsp;<span style=\"font-family: Montserrat;\">Elevage bovin<\/span><\/li><li><span style=\"font-family: Montserrat;\">Elevage ovin<\/span><\/li><li><span style=\"font-family: Montserrat;\">Aviculture<\/span><\/li><li><span style=\"font-family: Montserrat;\">Aquaculture<\/span><\/li><li><span style=\"font-family: Montserrat;\">Apiculture<\/span><\/li><\/ul><\/div><\/div><\/div><\/div><\/div><div class=\"vce-col vce-element--has-background vce-col--xs-100p vce-col--xs-visible vce-col--xs-last vce-col--xs-first vce-col--sm-100p vce-col--sm-visible vce-col--sm-last vce-col--sm-first vce-col--md-50p vce-col--md-visible vce-col--md-last vce-col--md-first vce-col--lg-auto vce-col--lg-visible vce-col--lg-last vce-col--xl-auto vce-col--xl-visible vce-col--xl-last\" id=\"el-d8ac64a4\"><div class=\"vce-col-inner\" data-vce-do-apply=\"border margin background  el-d8ac64a4\"><div class=\"vce-content-background-container\"><div class=\"vce-asset-background-simple-container vce-visible-all-only vce-asset-background-simple--style-cover vce-asset-background-simple--position-center-top\"><div class=\"vce-asset-background-simple\">\n              <div class=\"vce-asset-background-simple-item vcv-lozad\" data-background-image=\"https:\/\/global-agrifood.dz\/wp-content\/uploads\/2024\/11\/project-bottom-image.webp\"><\/div>\n              <noscript>\n                <div class=\"vce-asset-background-simple-item\" style=\"background-image: url(https:\/\/global-agrifood.dz\/wp-content\/uploads\/2024\/11\/project-bottom-image.webp)\"><\/div>\n              <\/noscript>\n            <\/div><\/div><\/div><div class=\"vce-col-content\" data-vce-element-content=\"true\" data-vce-do-apply=\"padding el-d8ac64a4\"><div class=\"vce-single-image-container icone vce-single-image--align-left\"><div class=\"vce vce-single-image-wrapper\" id=\"el-9a70f171\" data-vce-do-apply=\"all el-9a70f171\"><figure><div class=\"vce-single-image-figure-inner\" style=\"width: 100px;\"><div class=\"vce-single-image-inner vce-single-image--absolute\" style=\"width: 100%; padding-bottom: 100%;\"><img loading=\"lazy\" decoding=\"async\" class=\"vce-single-image\"  width=\"100\" height=\"100\" srcset=\"https:\/\/global-agrifood.dz\/wp-content\/uploads\/2025\/04\/icons8-alimentation-vegan-100-100x100.png 100w\" src=\"https:\/\/global-agrifood.dz\/wp-content\/uploads\/2025\/04\/icons8-alimentation-vegan-100-100x100.png\" data-img-src=\"https:\/\/global-agrifood.dz\/wp-content\/uploads\/2024\/11\/icons8-alimentation-vegan-100.png\" data-attachment-id=\"168\"  alt=\"\" title=\"icons8-alimentation-vegan-100\" \/><\/div><\/div><figcaption hidden=\"\"><\/figcaption><\/figure><\/div><\/div><div class=\"vce-raw-html\"><div class=\"vce-raw-html-wrapper\" id=\"el-883fce1b\" data-vce-do-apply=\"all el-883fce1b\"><div id=\"prod_veg\" style=\"margin:0px; padding:0px;\"><\/div><\/div><\/div><div class=\"vce-google-fonts-heading vce-google-fonts-heading--align-left vce-google-fonts-heading--color-empty--45--5C00FF--FF7200 vce-google-fonts-heading--font-family-Montserrat\"><div id=\"el-7e3fe9d4\" class=\"vce-google-fonts-heading-wrapper\"><div class=\"vce-google-fonts-heading--background vce\" data-vce-do-apply=\"border background  padding margin el-7e3fe9d4\"><h2 class=\"vce-google-fonts-heading-inner\" style=\"font-size: 22px; font-weight: 500; font-style: normal;\">Vegetal Production<\/h2><\/div><\/div><\/div><div class=\"vce vce-separator-container vce-separator--align-left vce-separator--style-solid\" id=\"el-4da66050\" data-vce-do-apply=\"margin el-4da66050\"><div class=\"vce-separator vce-separator--color-b-150-192-56 vce-separator--width-35 vce-separator--thickness-2\" data-vce-do-apply=\"border padding background  el-4da66050\"><\/div><\/div><div class=\"vce-text-block\"><div class=\"vce-text-block-wrapper vce\" id=\"el-330f68bd\" data-vce-do-apply=\"all el-330f68bd\"><ul><li><span style=\"font-family: Montserrat;\">C\u00e9r\u00e9aliculture<\/span><\/li><li><span style=\"font-family: Montserrat;\">Arboriculture fruiti\u00e8re<\/span><\/li><li><span style=\"font-family: Montserrat;\">Production de fourrage<\/span><\/li><li><span style=\"font-family: Montserrat;\">Cultures mara\u00eech\u00e8res<\/span><\/li><li><span style=\"font-family: Montserrat;\">Cultures industrielle<\/span><\/li><\/ul><\/div><\/div><\/div><\/div><\/div><\/div><\/div><\/div>","protected":false},"excerpt":{"rendered":"<p>Comptoir AgricoleNutrition v\u00e9g\u00e9tale (engrais)SemencesTraitements phytosanitairesMat\u00e9riels agricolesEquipements agricoles Productions Animales&nbsp;Elevage bovinElevage ovinAvicultureAquacultureApiculture Vegetal ProductionC\u00e9r\u00e9alicultureArboriculture fruiti\u00e8reProduction de fourrageCultures mara\u00eech\u00e8resCultures industrielle<\/p>\n","protected":false},"author":1,"featured_media":0,"parent":0,"menu_order":0,"comment_status":"closed","ping_status":"closed","template":"","meta":{"footnotes":""},"class_list":["post-21","page","type-page","status-publish","hentry"],"_links":{"self":[{"href":"https:\/\/global-agrifood.dz\/fr\/wp-json\/wp\/v2\/pages\/21","targetHints":{"allow":["GET"]}}],"collection":[{"href":"https:\/\/global-agrifood.dz\/fr\/wp-json\/wp\/v2\/pages"}],"about":[{"href":"https:\/\/global-agrifood.dz\/fr\/wp-json\/wp\/v2\/types\/page"}],"author":[{"embeddable":true,"href":"https:\/\/global-agrifood.dz\/fr\/wp-json\/wp\/v2\/users\/1"}],"replies":[{"embeddable":true,"href":"https:\/\/global-agrifood.dz\/fr\/wp-json\/wp\/v2\/comments?post=21"}],"version-history":[{"count":22,"href":"https:\/\/global-agrifood.dz\/fr\/wp-json\/wp\/v2\/pages\/21\/revisions"}],"predecessor-version":[{"id":1235,"href":"https:\/\/global-agrifood.dz\/fr\/wp-json\/wp\/v2\/pages\/21\/revisions\/1235"}],"wp:attachment":[{"href":"https:\/\/global-agrifood.dz\/fr\/wp-json\/wp\/v2\/media?parent=21"}],"curies":[{"name":"wp","href":"https:\/\/api.w.org\/{rel}","templated":true}]}}