{"id":393,"date":"2024-12-03T15:14:40","date_gmt":"2024-12-03T15:14:40","guid":{"rendered":"https:\/\/global-agrifood.dz\/?page_id=393"},"modified":"2024-12-29T14:53:15","modified_gmt":"2024-12-29T14:53:15","slug":"conditions-generales","status":"publish","type":"page","link":"https:\/\/global-agrifood.dz\/fr\/conditions-generales\/","title":{"rendered":"Conditions g\u00e9n\u00e9rales"},"content":{"rendered":"<div class=\"vce-row-container\"><div class=\"vce-row vce-element--xl--has-background vce-element--lg--has-background vce-element--md--has-background vce-element--sm--has-background vce-element--xs--has-background vce-row--col-gap-30 vce-row-equal-height vce-row-content--bottom\" data-vce-full-width=\"true\" id=\"el-1d9a3da6\" data-vce-do-apply=\"all el-1d9a3da6\"><div class=\"vce-content-background-container\"><div class=\"vce-asset-background-simple-container vce-visible-xl-only vce-asset-background-simple--style-cover vce-asset-background-simple--position-left-bottom\"><div class=\"vce-asset-background-simple\">\n              <div class=\"vce-asset-background-simple-item vcv-lozad\" data-background-image=\"https:\/\/global-agrifood.dz\/wp-content\/uploads\/2024\/12\/composed-papers-house-miniature-1-scaled.jpg\"><\/div>\n              <noscript>\n                <div class=\"vce-asset-background-simple-item\" style=\"background-image: url(https:\/\/global-agrifood.dz\/wp-content\/uploads\/2024\/12\/composed-papers-house-miniature-1-scaled.jpg)\"><\/div>\n              <\/noscript>\n            <\/div><\/div><div class=\"vce-asset-color-gradient-container vce-visible-xl-only\" data-vce-do-apply=\"gradient el-1d9a3da6\"><\/div><div class=\"vce-asset-background-simple-container vce-visible-lg-only vce-asset-background-simple--style-cover vce-asset-background-simple--position-left-bottom\"><div class=\"vce-asset-background-simple\">\n              <div class=\"vce-asset-background-simple-item vcv-lozad\" data-background-image=\"https:\/\/global-agrifood.dz\/wp-content\/uploads\/2024\/12\/composed-papers-house-miniature-1-scaled.jpg\"><\/div>\n              <noscript>\n                <div class=\"vce-asset-background-simple-item\" style=\"background-image: url(https:\/\/global-agrifood.dz\/wp-content\/uploads\/2024\/12\/composed-papers-house-miniature-1-scaled.jpg)\"><\/div>\n              <\/noscript>\n            <\/div><\/div><div class=\"vce-asset-color-gradient-container vce-visible-lg-only\" data-vce-do-apply=\"gradient el-1d9a3da6\"><\/div><div class=\"vce-asset-background-simple-container vce-visible-md-only vce-asset-background-simple--style-cover vce-asset-background-simple--position-left-bottom\"><div class=\"vce-asset-background-simple\">\n              <div class=\"vce-asset-background-simple-item vcv-lozad\" data-background-image=\"https:\/\/global-agrifood.dz\/wp-content\/uploads\/2024\/12\/composed-papers-house-miniature-1-scaled.jpg\"><\/div>\n              <noscript>\n                <div class=\"vce-asset-background-simple-item\" style=\"background-image: url(https:\/\/global-agrifood.dz\/wp-content\/uploads\/2024\/12\/composed-papers-house-miniature-1-scaled.jpg)\"><\/div>\n              <\/noscript>\n            <\/div><\/div><div class=\"vce-asset-color-gradient-container vce-visible-md-only\" data-vce-do-apply=\"gradient el-1d9a3da6\"><\/div><div class=\"vce-asset-background-simple-container vce-visible-sm-only vce-asset-background-simple--style-cover vce-asset-background-simple--position-left-bottom\"><div class=\"vce-asset-background-simple\">\n              <div class=\"vce-asset-background-simple-item vcv-lozad\" data-background-image=\"https:\/\/global-agrifood.dz\/wp-content\/uploads\/2024\/12\/composed-papers-house-miniature-1-scaled.jpg\"><\/div>\n              <noscript>\n                <div class=\"vce-asset-background-simple-item\" style=\"background-image: url(https:\/\/global-agrifood.dz\/wp-content\/uploads\/2024\/12\/composed-papers-house-miniature-1-scaled.jpg)\"><\/div>\n              <\/noscript>\n            <\/div><\/div><div class=\"vce-asset-color-gradient-container vce-visible-sm-only\" data-vce-do-apply=\"gradient el-1d9a3da6\"><\/div><div class=\"vce-asset-background-simple-container vce-visible-xs-only vce-asset-background-simple--style-cover vce-asset-background-simple--position-left-bottom\"><div class=\"vce-asset-background-simple\">\n              <div class=\"vce-asset-background-simple-item vcv-lozad\" data-background-image=\"https:\/\/global-agrifood.dz\/wp-content\/uploads\/2024\/12\/composed-papers-house-miniature-1-scaled.jpg\"><\/div>\n              <noscript>\n                <div class=\"vce-asset-background-simple-item\" style=\"background-image: url(https:\/\/global-agrifood.dz\/wp-content\/uploads\/2024\/12\/composed-papers-house-miniature-1-scaled.jpg)\"><\/div>\n              <\/noscript>\n            <\/div><\/div><div class=\"vce-asset-color-gradient-container vce-visible-xs-only\" data-vce-do-apply=\"gradient el-1d9a3da6\"><\/div><\/div><div class=\"vce-dividers-wrapper\"><div class=\"vce-container-divider vce-divider-position--bottom vce-container-divider-new vce-visible-all-only\" data-vce-do-apply=\"divider el-1d9a3da6\"><div class=\"vce-container-divider-inner\"><svg class=\"vce-divider-svg\" viewBox=\"0 0 500 97\" width=\"100%\" preserveAspectRatio=\"none\"><g fill=\"rgb(255, 255, 255)\"><path d=\"M370.005859,7 C421.782298,7 471.582031,23.9140625 500,54.4804687 L500,97 L0,97 L0,86.7851562 C135.587891,97.4101563 223.564453,7.000000000000028 370.005859,7 Z\" opacity=\"0.5\"><\/path><path d=\"M370.005859,15 C421.782298,15 471.582031,27.9140625 500,58.4804687 L500,97 L0,97 L0,90.7851562 C135.587891,101.4101562 223.564453,15 370.005859,15 Z\" opacity=\"0.5\"><\/path><path d=\"M370.005859,22 C421.782298,22 471.582031,31.9140625 500,62.4804687 L500,97 L0,97 L0,94.7851562 C135.587891,105.4101562 223.564453,22 370.005859,22 Z\"><\/path><\/g><\/svg><\/div><\/div><\/div><div class=\"vce-row-content\" data-vce-element-content=\"true\"><div class=\"vce-col vce-col--md-61p vce-col--xs-1 vce-col--xs-last vce-col--xs-first vce-col--sm-last vce-col--sm-first vce-col--md-first vce-col--lg-first vce-col--xl-first\" id=\"el-0d6ba22b\"><div class=\"vce-col-inner\" data-vce-do-apply=\"border margin background  el-0d6ba22b\"><div class=\"vce-col-content\" data-vce-element-content=\"true\" data-vce-do-apply=\"padding el-0d6ba22b\"><div class=\"vcv-row-control-wrapper\"><\/div><\/div><\/div><\/div><div class=\"vce-col vce-col--md-39p vce-col--xs-1 vce-col--xs-last vce-col--xs-first vce-col--sm-last vce-col--sm-first vce-col--md-last vce-col--lg-last vce-col--xl-last\" id=\"el-be479a9a\"><div class=\"vce-col-inner\" data-vce-do-apply=\"border margin background  el-be479a9a\"><div class=\"vce-content-background-container\"><\/div><div class=\"vce-col-content\" data-vce-element-content=\"true\" data-vce-do-apply=\"padding el-be479a9a\"><div class=\"vce-layouts-post-title-container title_post vce-layouts-post-title-container--align-left\"><div class=\"vce-layouts-post-title vce\" id=\"el-ab42006d\" data-vce-do-apply=\"all el-ab42006d\"><h1>Conditions g\u00e9n\u00e9rales<\/h1><\/div><\/div><\/div><\/div><\/div><\/div><\/div><\/div><div class=\"vce-row-container\" data-vce-boxed-width=\"true\"><div class=\"vce-row vce-row--col-gap-30 vce-row-equal-height vce-row-content--top\" id=\"el-04eec154\" data-vce-do-apply=\"all el-04eec154\"><div class=\"vce-content-background-container\"><\/div><div class=\"vce-row-content\" data-vce-element-content=\"true\"><div class=\"vce-col vce-col--md-auto vce-col--xs-1 vce-col--xs-last vce-col--xs-first vce-col--sm-last vce-col--sm-first vce-col--md-last vce-col--lg-last vce-col--xl-last vce-col--md-first vce-col--lg-first vce-col--xl-first\" id=\"el-0fb7d997\"><div class=\"vce-col-inner\" data-vce-do-apply=\"border margin background  el-0fb7d997\"><div class=\"vce-col-content\" data-vce-element-content=\"true\" data-vce-do-apply=\"padding el-0fb7d997\"><div class=\"vce-text-block\"><div class=\"vce-text-block-wrapper vce\" id=\"el-7bb37f55\" data-vce-do-apply=\"all el-7bb37f55\"><p><span style=\"font-family: Montserrat; color: #000000;\"><span class=\"TextRun SCXW132099991 BCX0\" lang=\"FR-FR\" xml:lang=\"FR-FR\" data-contrast=\"none\"><span class=\"NormalTextRun SCXW132099991 BCX0\" data-ccp-parastyle=\"Paragraphe\" data-ccp-parastyle-defn=\"{&quot;ObjectId&quot;:&quot;2010bd61-b38d-40c9-8a75-277f1912b55e|46&quot;,&quot;ClassId&quot;:1073872969,&quot;Properties&quot;:[469775450,&quot;Paragraphe&quot;,201340122,&quot;2&quot;,134233614,&quot;true&quot;,469778129,&quot;Paragraphe&quot;,335572020,&quot;1&quot;,469777841,&quot;Arial&quot;,469777842,&quot;Arial&quot;,469777843,&quot;Arial&quot;,469777844,&quot;Arial&quot;,469769226,&quot;Arial&quot;,335551500,&quot;0&quot;,335559740,&quot;312&quot;,201341983,&quot;0&quot;]}\">Les pr\u00e9sentes conditions g\u00e9n\u00e9rales d'utilisation<\/span> <span class=\"NormalTextRun SCXW132099991 BCX0\" data-ccp-parastyle=\"Paragraphe\">ont pour objet l'encadrement juridique des modalit\u00e9s de mise \u00e0 disposition du site et des services par <\/span><span class=\"NormalTextRun SCXW132099991 BCX0\" data-ccp-parastyle=\"Paragraphe\">Global Agri-<\/span><span class=\"NormalTextRun SCXW132099991 BCX0\" data-ccp-parastyle=\"Paragraphe\">Food et<\/span><span class=\"NormalTextRun SCXW132099991 BCX0\" data-ccp-parastyle=\"Paragraphe\"> de d\u00e9finir les conditions d\u2019acc\u00e8s et d\u2019utilisation des services par \u00ab <\/span><\/span><span class=\"TextRun SCXW132099991 BCX0\" lang=\"FR-FR\" xml:lang=\"FR-FR\" data-contrast=\"none\"><span class=\"NormalTextRun SCXW132099991 BCX0\" data-ccp-parastyle=\"Paragraphe\">l'Utilisateur<\/span><\/span><span class=\"TextRun SCXW132099991 BCX0\" lang=\"FR-FR\" xml:lang=\"FR-FR\" data-contrast=\"none\"><span class=\"NormalTextRun SCXW132099991 BCX0\" data-ccp-parastyle=\"Paragraphe\"> \u00bb.<\/span><\/span><span class=\"EOP SCXW132099991 BCX0\" data-ccp-props=\"{&quot;201341983&quot;:0,&quot;335551550&quot;:6,&quot;335551620&quot;:6,&quot;335559740&quot;:312}\">&nbsp;<\/span><\/span><\/p><\/div><\/div><\/div><\/div><\/div><\/div><\/div><\/div><div class=\"vce-row-container\" data-vce-boxed-width=\"true\"><div class=\"vce-row vce-row--col-gap-30 vce-row-equal-height vce-row-content--top\" id=\"el-0ff68933\" data-vce-do-apply=\"all el-0ff68933\"><div class=\"vce-content-background-container\"><\/div><div class=\"vce-row-content\" data-vce-element-content=\"true\"><div class=\"vce-col vce-col--md-auto vce-col--xs-1 vce-col--xs-last vce-col--xs-first vce-col--sm-last vce-col--sm-first vce-col--md-last vce-col--lg-last vce-col--xl-last vce-col--md-first vce-col--lg-first vce-col--xl-first\" id=\"el-b95f3389\"><div class=\"vce-col-inner\" data-vce-do-apply=\"border margin background  el-b95f3389\"><div class=\"vce-col-content\" data-vce-element-content=\"true\" data-vce-do-apply=\"padding el-b95f3389\"><div class=\"vce-faq-toggle vce-faq-toggle-color--fff vce-faq-toggle-shape-color--b-0-0-0 vce-faq-toggle-shape--round\"><div class=\"vce-faq-toggle-wrapper vce\" id=\"el-b458cdb8\" data-vce-do-apply=\"margin padding border background  el-b458cdb8\"><div class=\"vce-faq-toggle-inner\"><div class=\"vce-faq-toggle-title\"><h5 class=\"vce-faq-toggle-title-text\" aria-controls=\"faqToggle-b458cdb8\" aria-expanded=\"false\"><i class=\"vce-faq-toggle-icon\"><\/i>Article 1 : Les mentions l\u00e9gales <\/h5><\/div><div class=\"vce-faq-toggle-text-block\" role=\"region\" id=\"faqToggle-b458cdb8\"><p><span style=\"font-family: Montserrat;\">L'\u00e9dition du site https:\/\/www.global-agrifood.dz\/ est assur\u00e9e par la Soci\u00e9t\u00e9 Global Agri-Food au capital de quatre (4) milliards, dont le si\u00e8ge social est situ\u00e9 au 40, Rue Hocine Noureddine - Belouizdad - Alger&nbsp;<\/span><\/p>\n<ul>\n<li><span style=\"font-family: Montserrat;\">Num\u00e9ro de t\u00e9l\u00e9phone +213 (0)21 65 72 03<\/span><\/li>\n<li><span style=\"font-family: Montserrat;\">Adresse e-mail : contact@global-agrifood.dz.&nbsp;<\/span><\/li>\n<\/ul><\/div><\/div><\/div><\/div><div class=\"vce-faq-toggle vce-faq-toggle-color--fff vce-faq-toggle-shape-color--b-0-0-0 vce-faq-toggle-shape--round\"><div class=\"vce-faq-toggle-wrapper vce\" id=\"el-a863e349\" data-vce-do-apply=\"margin padding border background  el-a863e349\"><div class=\"vce-faq-toggle-inner\"><div class=\"vce-faq-toggle-title\"><h5 class=\"vce-faq-toggle-title-text\" aria-controls=\"faqToggle-a863e349\" aria-expanded=\"false\"><i class=\"vce-faq-toggle-icon\"><\/i>ARTICLE 2 : Acc\u00e8s au site <\/h5><\/div><div class=\"vce-faq-toggle-text-block\" role=\"region\" id=\"faqToggle-a863e349\"><p><span style=\"font-family: Montserrat;\">Le site www.global-agrifood.dz permet \u00e0 l'Utilisateur un acc\u00e8s gratuit aux services suivants :&nbsp;<\/span><\/p>\n<p><span style=\"font-family: Montserrat;\">Le site internet propose les services suivants :&nbsp;<\/span><\/p>\n<ul>\n<li data-leveltext=\"\uf0b7\" data-font=\"Symbol\" data-listid=\"3\" data-list-defn-props=\"{&quot;335552541&quot;:1,&quot;335559685&quot;:720,&quot;335559991&quot;:360,&quot;469769226&quot;:&quot;Symbol&quot;,&quot;469769242&quot;:[8226],&quot;469777803&quot;:&quot;left&quot;,&quot;469777804&quot;:&quot;\uf0b7&quot;,&quot;469777815&quot;:&quot;hybridMultilevel&quot;}\" aria-setsize=\"-1\" data-aria-posinset=\"1\" data-aria-level=\"1\"><span style=\"font-family: Montserrat;\">Pr\u00e9sentation de l\u2019entreprise Global Agri-Food\u202f;&nbsp;<\/span><\/li>\n<li data-leveltext=\"\uf0b7\" data-font=\"Symbol\" data-listid=\"3\" data-list-defn-props=\"{&quot;335552541&quot;:1,&quot;335559685&quot;:720,&quot;335559991&quot;:360,&quot;469769226&quot;:&quot;Symbol&quot;,&quot;469769242&quot;:[8226],&quot;469777803&quot;:&quot;left&quot;,&quot;469777804&quot;:&quot;\uf0b7&quot;,&quot;469777815&quot;:&quot;hybridMultilevel&quot;}\" aria-setsize=\"-1\" data-aria-posinset=\"1\" data-aria-level=\"1\"><span style=\"font-family: Montserrat;\">Fourniture des coordonn\u00e9es de contact\u202f;&nbsp;<\/span><\/li>\n<li data-leveltext=\"\uf0b7\" data-font=\"Symbol\" data-listid=\"3\" data-list-defn-props=\"{&quot;335552541&quot;:1,&quot;335559685&quot;:720,&quot;335559991&quot;:360,&quot;469769226&quot;:&quot;Symbol&quot;,&quot;469769242&quot;:[8226],&quot;469777803&quot;:&quot;left&quot;,&quot;469777804&quot;:&quot;\uf0b7&quot;,&quot;469777815&quot;:&quot;hybridMultilevel&quot;}\" aria-setsize=\"-1\" data-aria-posinset=\"1\" data-aria-level=\"1\"><span style=\"font-family: Montserrat;\">Avoir une visibilit\u00e9 en ligne.&nbsp;<\/span><\/li>\n<\/ul>\n<p><span style=\"font-family: Montserrat;\">Le site est accessible gratuitement en tout lieu \u00e0 tout Utilisateur ayant un acc\u00e8s \u00e0 Internet. Tous les frais support\u00e9s par l'Utilisateur pour acc\u00e9der au service (mat\u00e9riel informatique, logiciels, connexion Internet, etc.) sont \u00e0 sa charge.&nbsp;<\/span><\/p><\/div><\/div><\/div><\/div><div class=\"vce-faq-toggle vce-faq-toggle-color--fff vce-faq-toggle-shape-color--b-0-0-0 vce-faq-toggle-shape--round\"><div class=\"vce-faq-toggle-wrapper vce\" id=\"el-33018406\" data-vce-do-apply=\"margin padding border background  el-33018406\"><div class=\"vce-faq-toggle-inner\"><div class=\"vce-faq-toggle-title\"><h5 class=\"vce-faq-toggle-title-text\" aria-controls=\"faqToggle-33018406\" aria-expanded=\"false\"><i class=\"vce-faq-toggle-icon\"><\/i>ARTICLE 3 : Collecte des donn\u00e9es <\/h5><\/div><div class=\"vce-faq-toggle-text-block\" role=\"region\" id=\"faqToggle-33018406\"><p aria-level=\"1\"><span style=\"font-family: Montserrat;\">Le site assure \u00e0 l'Utilisateur une collecte et un traitement d'informations personnelles dans le respect de la vie priv\u00e9e conform\u00e9ment \u00e0 la loi 18-07 du 10 juin 2018 (journal officiel n\u00b034 du 10 juin 2018) relative \u00e0 la protection des donn\u00e9es \u00e0 caract\u00e8re personnel.&nbsp;<\/span><\/p>\n<p><span style=\"font-family: Montserrat;\">En vertu de la loi de la protection des donn\u00e9es \u00e0 caract\u00e8re personnel, en date 18-07 du 10 juin 2018, l'Utilisateur dispose d'un droit d'acc\u00e8s, de rectification, de suppression et d'opposition de ses donn\u00e9es personnelles. L'Utilisateur exerce ce droit&nbsp;<\/span><\/p>\n<ul>\n<li><span style=\"font-family: Montserrat;\"> par mail \u00e0 l'adresse email contact@global-agrifood.dz<\/span><\/li>\n<li><span style=\"font-family: Montserrat;\"> via un formulaire de contact&nbsp;<\/span><\/li>\n<\/ul><\/div><\/div><\/div><\/div><div class=\"vce-faq-toggle vce-faq-toggle-color--fff vce-faq-toggle-shape-color--b-0-0-0 vce-faq-toggle-shape--round\"><div class=\"vce-faq-toggle-wrapper vce\" id=\"el-67706b21\" data-vce-do-apply=\"margin padding border background  el-67706b21\"><div class=\"vce-faq-toggle-inner\"><div class=\"vce-faq-toggle-title\"><h5 class=\"vce-faq-toggle-title-text\" aria-controls=\"faqToggle-67706b21\" aria-expanded=\"false\"><i class=\"vce-faq-toggle-icon\"><\/i>ARTICLE 4 : Propri\u00e9t\u00e9 intellectuelle <\/h5><\/div><div class=\"vce-faq-toggle-text-block\" role=\"region\" id=\"faqToggle-67706b21\"><p><span style=\"font-family: Montserrat;\">Les marques, logos, signes ainsi que tous les contenus du site (textes, images, son\u2026) font l'objet d'une protection par le Code de la propri\u00e9t\u00e9 intellectuelle et plus particuli\u00e8rement par le droit d'auteur.&nbsp;<\/span><\/p>\n<p><span style=\"font-family: Montserrat;\">L'Utilisateur doit solliciter l'autorisation pr\u00e9alable du site pour toute reproduction, publication, copie des diff\u00e9rents contenus. Il s'engage \u00e0 une utilisation des contenus du site dans un cadre strictement priv\u00e9, toute utilisation \u00e0 des fins commerciales et publicitaires est strictement interdite.&nbsp;<\/span><\/p>\n<p><span style=\"font-family: Montserrat;\" data-ccp-props=\"{&quot;201341983&quot;:0,&quot;335559740&quot;:312}\">&nbsp;<\/span><\/p>\n<p><span style=\"font-family: Montserrat;\">Toute repr\u00e9sentation totale ou partielle de ce site par quelque proc\u00e9d\u00e9 que ce soit, sans l\u2019autorisation expresse de l\u2019exploitant du site Internet constituerait une contrefa\u00e7on sanctionn\u00e9e par la loi.&nbsp;<\/span><\/p><\/div><\/div><\/div><\/div><div class=\"vce-faq-toggle vce-faq-toggle-color--fff vce-faq-toggle-shape-color--b-0-0-0 vce-faq-toggle-shape--round\"><div class=\"vce-faq-toggle-wrapper vce\" id=\"el-d16715ba\" data-vce-do-apply=\"margin padding border background  el-d16715ba\"><div class=\"vce-faq-toggle-inner\"><div class=\"vce-faq-toggle-title\"><h5 class=\"vce-faq-toggle-title-text\" aria-controls=\"faqToggle-d16715ba\" aria-expanded=\"false\"><i class=\"vce-faq-toggle-icon\"><\/i>ARTICLE 5 : Responsabilit\u00e9 <\/h5><\/div><div class=\"vce-faq-toggle-text-block\" role=\"region\" id=\"faqToggle-d16715ba\"><p><span style=\"font-family: Montserrat;\">Les sources des informations diffus\u00e9es sur le site www.global-agrifood.dz sont r\u00e9put\u00e9es fiables mais le site ne garantit pas qu\u2019il soit exempt de d\u00e9fauts, d\u2019erreurs ou d\u2019omissions.&nbsp;<\/span><\/p>\n<p><span style=\"font-family: Montserrat;\">Les informations communiqu\u00e9es sont pr\u00e9sent\u00e9es \u00e0 titre indicatif et g\u00e9n\u00e9ral sans valeur contractuelle. Malgr\u00e9 des mises \u00e0 jour r\u00e9guli\u00e8res, le site www.global-agrifood.dz ne peut \u00eatre tenu responsable de la modification des dispositions administratives et juridiques survenant apr\u00e8s la publication. De m\u00eame, le site ne peut \u00eatre tenue responsable de l\u2019utilisation et de l\u2019interpr\u00e9tation de l\u2019information contenue dans ce site.&nbsp;<\/span><\/p>\n<p><span style=\"font-family: Montserrat;\">Le site www.global-agrifood.dz ne peut \u00eatre tenu pour responsable d\u2019\u00e9ventuels virus qui pourraient infecter l\u2019ordinateur ou tout mat\u00e9riel informatique de l\u2019Internaute, suite \u00e0 une utilisation, \u00e0 l\u2019acc\u00e8s, ou au t\u00e9l\u00e9chargement provenant de ce site.&nbsp;<\/span><\/p>\n<p><span style=\"font-family: Montserrat;\" data-ccp-props=\"{&quot;201341983&quot;:0,&quot;335559740&quot;:312}\">&nbsp;<\/span><\/p>\n<p><span style=\"font-family: Montserrat;\">La responsabilit\u00e9 du site ne peut \u00eatre engag\u00e9e en cas de force majeure ou du fait impr\u00e9visible et insurmontable d'un tiers.&nbsp;<\/span><\/p><\/div><\/div><\/div><\/div><div class=\"vce-faq-toggle vce-faq-toggle-color--fff vce-faq-toggle-shape-color--b-0-0-0 vce-faq-toggle-shape--round\"><div class=\"vce-faq-toggle-wrapper vce\" id=\"el-c5cb46b5\" data-vce-do-apply=\"margin padding border background  el-c5cb46b5\"><div class=\"vce-faq-toggle-inner\"><div class=\"vce-faq-toggle-title\"><h5 class=\"vce-faq-toggle-title-text\" aria-controls=\"faqToggle-c5cb46b5\" aria-expanded=\"false\"><i class=\"vce-faq-toggle-icon\"><\/i>ARTICLE 6 : Liens hypertextes <\/h5><\/div><div class=\"vce-faq-toggle-text-block\" role=\"region\" id=\"faqToggle-c5cb46b5\"><p><span style=\"font-family: Montserrat;\"><span class=\"TextRun SCXW149544750 BCX0\" lang=\"FR-FR\" xml:lang=\"FR-FR\" data-contrast=\"none\"><span class=\"NormalTextRun SCXW149544750 BCX0\" data-ccp-parastyle=\"Paragraphe\" data-ccp-parastyle-defn=\"{&quot;ObjectId&quot;:&quot;2010bd61-b38d-40c9-8a75-277f1912b55e|46&quot;,&quot;ClassId&quot;:1073872969,&quot;Properties&quot;:[469775450,&quot;Paragraphe&quot;,201340122,&quot;2&quot;,134233614,&quot;true&quot;,469778129,&quot;Paragraphe&quot;,335572020,&quot;1&quot;,469777841,&quot;Arial&quot;,469777842,&quot;Arial&quot;,469777843,&quot;Arial&quot;,469777844,&quot;Arial&quot;,469769226,&quot;Arial&quot;,335551500,&quot;0&quot;,335559740,&quot;312&quot;,201341983,&quot;0&quot;]}\">Des liens hypertextes peuvent \u00eatre pr\u00e9sents sur le site. L\u2019Utilisateur est inform\u00e9 qu\u2019en cliquant sur ces liens, il sortira du site www.<\/span><span class=\"NormalTextRun SCXW149544750 BCX0\" data-ccp-parastyle=\"Paragraphe\">global-agrifood<\/span><span class=\"NormalTextRun SCXW149544750 BCX0\" data-ccp-parastyle=\"Paragraphe\">.dz. Ce dernier n\u2019a pas de contr\u00f4le sur les pages web sur lesquelles aboutissent ces liens et ne saurait, en aucun c<\/span><span class=\"NormalTextRun SCXW149544750 BCX0\" data-ccp-parastyle=\"Paragraphe\">as, \u00eatre responsable de leur contenu.<\/span><\/span><span class=\"EOP SCXW149544750 BCX0\" data-ccp-props=\"{&quot;201341983&quot;:0,&quot;335559740&quot;:312}\">&nbsp;<\/span><\/span><\/p><\/div><\/div><\/div><\/div><\/div><\/div><\/div><\/div><\/div><\/div>","protected":false},"excerpt":{"rendered":"<p>Les pr\u00e9sentes conditions g\u00e9n\u00e9rales d&rsquo;utilisation ont pour objet l&rsquo;encadrement juridique des modalit\u00e9s de mise \u00e0 disposition du site et des services par Global Agri-Food et de d\u00e9finir les conditions d\u2019acc\u00e8s et d\u2019utilisation des services par \u00ab l&rsquo;Utilisateur \u00bb.&nbsp;Article 1 : Les mentions l\u00e9gales L&rsquo;\u00e9dition du site https:\/\/www.global-agrifood.dz\/ est assur\u00e9e par la Soci\u00e9t\u00e9 Global Agri-Food au [&hellip;]<\/p>\n","protected":false},"author":1,"featured_media":0,"parent":0,"menu_order":0,"comment_status":"closed","ping_status":"closed","template":"","meta":{"footnotes":""},"class_list":["post-393","page","type-page","status-publish","hentry"],"_links":{"self":[{"href":"https:\/\/global-agrifood.dz\/fr\/wp-json\/wp\/v2\/pages\/393","targetHints":{"allow":["GET"]}}],"collection":[{"href":"https:\/\/global-agrifood.dz\/fr\/wp-json\/wp\/v2\/pages"}],"about":[{"href":"https:\/\/global-agrifood.dz\/fr\/wp-json\/wp\/v2\/types\/page"}],"author":[{"embeddable":true,"href":"https:\/\/global-agrifood.dz\/fr\/wp-json\/wp\/v2\/users\/1"}],"replies":[{"embeddable":true,"href":"https:\/\/global-agrifood.dz\/fr\/wp-json\/wp\/v2\/comments?post=393"}],"version-history":[{"count":4,"href":"https:\/\/global-agrifood.dz\/fr\/wp-json\/wp\/v2\/pages\/393\/revisions"}],"predecessor-version":[{"id":868,"href":"https:\/\/global-agrifood.dz\/fr\/wp-json\/wp\/v2\/pages\/393\/revisions\/868"}],"wp:attachment":[{"href":"https:\/\/global-agrifood.dz\/fr\/wp-json\/wp\/v2\/media?parent=393"}],"curies":[{"name":"wp","href":"https:\/\/api.w.org\/{rel}","templated":true}]}}